{"id":97,"date":"2025-07-01T21:36:35","date_gmt":"2025-07-01T19:36:35","guid":{"rendered":"https:\/\/magievisuelle.fr\/?page_id=97"},"modified":"2025-07-01T21:41:38","modified_gmt":"2025-07-01T19:41:38","slug":"love","status":"publish","type":"page","link":"https:\/\/magievisuelle.fr\/index.php\/love\/","title":{"rendered":"Love"},"content":{"rendered":"\n<p><strong>Les Couleurs de l\u2019Amour<\/strong><\/p>\n\n\n\n<p>Rouge est ton doux sourire au lever du matin,<br>Un fruit m\u00fbr de tendresse au bord de mon destin.<br>Il bat dans chaque c\u0153ur, il br\u00fble dans nos veines,<br>Comme un feu qui \u00e9claire et consume nos peines.<\/p>\n\n\n\n<p>Vert est ton regard quand la paix nous inonde,<br>Un jardin de silence au d\u00e9tour de ce monde.<br>C\u2019est l\u2019espoir qui s\u2019\u00e9l\u00e8ve au souffle d\u2019un soupir,<br>Un brin de libert\u00e9 qui s\u2019ouvre \u00e0 l\u2019avenir.<\/p>\n\n\n\n<p>Bleu est le ciel profond o\u00f9 ton \u00e2me repose,<br>L\u2019\u00e9cho de ton amour en caresse de rose.<br>C\u2019est la mer de tes mots, l\u2019infini de ta voix,<br>O\u00f9 je perds la raison, mais je retrouve la foi.<\/p>\n\n\n\n<p>Jaune est chaque matin quand tu franchis la porte,<br>Ton pas danse la joie, ma solitude avorte.<br>Tu rayonnes si fort qu\u2019\u00e0 l\u2019ombre de ton jour,<br>Je cueille un peu d\u2019\u00e9clat, je r\u00e9colte l\u2019amour.<\/p>\n\n\n\n<p>Quatre couleurs, un monde, une palette offerte,<br>O\u00f9 je peins notre vie, imparfaite mais verte.<br>Et si l\u2019art de t\u2019aimer n\u2019est jamais tout \u00e0 fait s\u00fbr\u2026<br>C\u2019est un chef-d\u2019\u0153uvre fou, mais d\u2019un charme tr\u00e8s pur.<\/p>\n\n\n\n<center>\n  <iframe loading=\"lazy\" src=\"https:\/\/www.11z.co\/er\/15\" frameborder=\"0\" scrolling=\"no\" width=\"100%\" height=\"1000px\"><\/iframe>\n<\/center>\n\n\n\n<p><\/p>\n","protected":false},"excerpt":{"rendered":"<p>Les Couleurs de l\u2019Amour Rouge est ton doux sourire au lever du matin,Un fruit m\u00fbr de tendresse au bord de mon destin.Il bat dans chaque c\u0153ur, il br\u00fble dans nos veines,Comme un feu qui \u00e9claire et consume nos peines. Vert est ton regard quand la paix nous inonde,Un jardin de silence au d\u00e9tour de ce [&hellip;]<\/p>\n","protected":false},"author":1,"featured_media":0,"parent":0,"menu_order":0,"comment_status":"closed","ping_status":"closed","template":"","meta":{"footnotes":""},"class_list":["post-97","page","type-page","status-publish","hentry"],"_links":{"self":[{"href":"https:\/\/magievisuelle.fr\/index.php\/wp-json\/wp\/v2\/pages\/97","targetHints":{"allow":["GET"]}}],"collection":[{"href":"https:\/\/magievisuelle.fr\/index.php\/wp-json\/wp\/v2\/pages"}],"about":[{"href":"https:\/\/magievisuelle.fr\/index.php\/wp-json\/wp\/v2\/types\/page"}],"author":[{"embeddable":true,"href":"https:\/\/magievisuelle.fr\/index.php\/wp-json\/wp\/v2\/users\/1"}],"replies":[{"embeddable":true,"href":"https:\/\/magievisuelle.fr\/index.php\/wp-json\/wp\/v2\/comments?post=97"}],"version-history":[{"count":3,"href":"https:\/\/magievisuelle.fr\/index.php\/wp-json\/wp\/v2\/pages\/97\/revisions"}],"predecessor-version":[{"id":101,"href":"https:\/\/magievisuelle.fr\/index.php\/wp-json\/wp\/v2\/pages\/97\/revisions\/101"}],"wp:attachment":[{"href":"https:\/\/magievisuelle.fr\/index.php\/wp-json\/wp\/v2\/media?parent=97"}],"curies":[{"name":"wp","href":"https:\/\/api.w.org\/{rel}","templated":true}]}}