{"id":86,"date":"2025-06-29T09:38:46","date_gmt":"2025-06-29T07:38:46","guid":{"rendered":"https:\/\/magievisuelle.fr\/?page_id=86"},"modified":"2025-06-29T10:36:03","modified_gmt":"2025-06-29T08:36:03","slug":"houdini","status":"publish","type":"page","link":"https:\/\/magievisuelle.fr\/index.php\/houdini\/","title":{"rendered":"Houdini"},"content":{"rendered":"\n<p><strong>Le ma\u00eetre incontest\u00e9 de l\u2019\u00e9vasion<\/strong><\/p>\n\n\n\n<p>N\u00e9 sous le nom de <strong>Erik Weisz<\/strong> le 24 mars 1874 \u00e0 Budapest (Hongrie), Harry Houdini a grandi aux \u00c9tats-Unis o\u00f9 il s\u2019est impos\u00e9 comme <strong>l\u2019un des magiciens les plus c\u00e9l\u00e8bres de tous les temps<\/strong>. Sp\u00e9cialis\u00e9 dans l\u2019art de l\u2019\u00e9vasion, il est devenu c\u00e9l\u00e8bre pour ses exploits spectaculaires : sortir de camisoles, de cha\u00eenes, de cellules de prison, de caisses plong\u00e9es dans l\u2019eau ou encore de r\u00e9servoirs verrouill\u00e9s.<\/p>\n\n\n\n<p>Houdini ne se contentait pas de mystifier le public : il mettait <strong>au d\u00e9fi les autorit\u00e9s<\/strong>, les serruriers et les policiers du monde entier de l&rsquo;enfermer. \u00c0 chaque fois, il s&rsquo;\u00e9vadait \u2014 souvent devant t\u00e9moins et dans des conditions extr\u00eames.<\/p>\n\n\n\n<p>Mais Houdini \u00e9tait aussi un <strong>d\u00e9mystificateur<\/strong> : dans les ann\u00e9es 1920, il consacre une partie de sa vie \u00e0 combattre les faux m\u00e9diums et spirites, qu\u2019il consid\u00e9rait comme des charlatans exploitant la douleur des endeuill\u00e9s.<\/p>\n\n\n\n<p>Il meurt en 1926 \u00e0 l\u2019\u00e2ge de 52 ans, laissant derri\u00e8re lui une l\u00e9gende in\u00e9gal\u00e9e. Aujourd\u2019hui encore, le nom de Houdini est <strong>synonyme de magie, de myst\u00e8re et d\u2019audace<\/strong>.<\/p>\n\n\n\n<center>\n  <iframe loading=\"lazy\" src=\"https:\/\/www.11z.co\/er\/7\" frameborder=\"0\" scrolling=\"no\" width=\"100%\" height=\"1000px\"><\/iframe>\n<\/center>\n","protected":false},"excerpt":{"rendered":"<p>Le ma\u00eetre incontest\u00e9 de l\u2019\u00e9vasion N\u00e9 sous le nom de Erik Weisz le 24 mars 1874 \u00e0 Budapest (Hongrie), Harry Houdini a grandi aux \u00c9tats-Unis o\u00f9 il s\u2019est impos\u00e9 comme l\u2019un des magiciens les plus c\u00e9l\u00e8bres de tous les temps. Sp\u00e9cialis\u00e9 dans l\u2019art de l\u2019\u00e9vasion, il est devenu c\u00e9l\u00e8bre pour ses exploits spectaculaires : sortir [&hellip;]<\/p>\n","protected":false},"author":1,"featured_media":0,"parent":0,"menu_order":0,"comment_status":"closed","ping_status":"closed","template":"","meta":{"footnotes":""},"class_list":["post-86","page","type-page","status-publish","hentry"],"_links":{"self":[{"href":"https:\/\/magievisuelle.fr\/index.php\/wp-json\/wp\/v2\/pages\/86","targetHints":{"allow":["GET"]}}],"collection":[{"href":"https:\/\/magievisuelle.fr\/index.php\/wp-json\/wp\/v2\/pages"}],"about":[{"href":"https:\/\/magievisuelle.fr\/index.php\/wp-json\/wp\/v2\/types\/page"}],"author":[{"embeddable":true,"href":"https:\/\/magievisuelle.fr\/index.php\/wp-json\/wp\/v2\/users\/1"}],"replies":[{"embeddable":true,"href":"https:\/\/magievisuelle.fr\/index.php\/wp-json\/wp\/v2\/comments?post=86"}],"version-history":[{"count":8,"href":"https:\/\/magievisuelle.fr\/index.php\/wp-json\/wp\/v2\/pages\/86\/revisions"}],"predecessor-version":[{"id":96,"href":"https:\/\/magievisuelle.fr\/index.php\/wp-json\/wp\/v2\/pages\/86\/revisions\/96"}],"wp:attachment":[{"href":"https:\/\/magievisuelle.fr\/index.php\/wp-json\/wp\/v2\/media?parent=86"}],"curies":[{"name":"wp","href":"https:\/\/api.w.org\/{rel}","templated":true}]}}