{"id":60,"date":"2025-06-09T07:43:54","date_gmt":"2025-06-09T05:43:54","guid":{"rendered":"https:\/\/magievisuelle.fr\/?page_id=60"},"modified":"2025-06-11T20:30:57","modified_gmt":"2025-06-11T18:30:57","slug":"bienvenue-sur-magievisuelle","status":"publish","type":"page","link":"https:\/\/magievisuelle.fr\/","title":{"rendered":"Bienvenue sur MagieVisuelle"},"content":{"rendered":"\n<p>Bienvenue sur Magie Visuelle.<\/p>\n\n\n\n<p>La magie est un art ancestral qui fascine et \u00e9merveille depuis des si\u00e8cles. Alliant illusion, dext\u00e9rit\u00e9 et psychologie, elle se d\u00e9cline en plusieurs formes, dont la prestidigitation, qui repose sur la rapidit\u00e9 des gestes, et le <em>close-up<\/em>, une magie rapproch\u00e9e, souvent ex\u00e9cut\u00e9e \u00e0 quelques centim\u00e8tres des spectateurs. Le magicien manipule cartes, pi\u00e8ces, objets du quotidien, ou m\u00eame la pens\u00e9e, pour cr\u00e9er des effets impossibles. Ce qui distingue la magie, c\u2019est son pouvoir de suspendre l\u2019incr\u00e9dulit\u00e9, d\u2019instaurer un doute volontaire. Derri\u00e8re chaque tour se cache une m\u00e9canique pr\u00e9cise et des heures de pratique. Mais l\u2019illusion ne fait pas tout : le charisme et la mise en sc\u00e8ne transforment un simple effet en moment inoubliable. Que ce soit sur sc\u00e8ne ou dans la rue, la magie cr\u00e9e un lien unique entre l\u2019artiste et son public. C\u2019est un art vivant, en perp\u00e9tuelle r\u00e9invention.<\/p>\n\n\n\n<figure class=\"wp-block-image size-full\"><img loading=\"lazy\" decoding=\"async\" width=\"1024\" height=\"1024\" src=\"https:\/\/magievisuelle.fr\/wp-content\/uploads\/2025\/06\/ChatGPT-Image-9-juin-2025-10_19_29.png\" alt=\"\" class=\"wp-image-64\" srcset=\"https:\/\/magievisuelle.fr\/wp-content\/uploads\/2025\/06\/ChatGPT-Image-9-juin-2025-10_19_29.png 1024w, https:\/\/magievisuelle.fr\/wp-content\/uploads\/2025\/06\/ChatGPT-Image-9-juin-2025-10_19_29-300x300.png 300w, https:\/\/magievisuelle.fr\/wp-content\/uploads\/2025\/06\/ChatGPT-Image-9-juin-2025-10_19_29-150x150.png 150w, https:\/\/magievisuelle.fr\/wp-content\/uploads\/2025\/06\/ChatGPT-Image-9-juin-2025-10_19_29-768x768.png 768w\" sizes=\"auto, (max-width: 1024px) 100vw, 1024px\" \/><\/figure>\n\n\n\n<div class=\"wp-block-group alignfull is-layout-constrained wp-block-group-is-layout-constrained\">\n<div class=\"wp-block-group alignwide is-content-justification-center is-layout-flex wp-container-core-group-is-layout-a48fcff9 wp-block-group-is-layout-flex\" style=\"padding-top:4rem;padding-bottom:4rem\">\n<p class=\"has-text-align-right\">                                            Ce site n\u2019utilise que des cookies fonctionnels, exempts de consentement.<\/p>\n<\/div>\n<\/div>\n\n\n\n<p><\/p>\n","protected":false},"excerpt":{"rendered":"<p>Bienvenue sur Magie Visuelle. La magie est un art ancestral qui fascine et \u00e9merveille depuis des si\u00e8cles. Alliant illusion, dext\u00e9rit\u00e9 et psychologie, elle se d\u00e9cline en plusieurs formes, dont la prestidigitation, qui repose sur la rapidit\u00e9 des gestes, et le close-up, une magie rapproch\u00e9e, souvent ex\u00e9cut\u00e9e \u00e0 quelques centim\u00e8tres des spectateurs. Le magicien manipule cartes, [&hellip;]<\/p>\n","protected":false},"author":1,"featured_media":0,"parent":0,"menu_order":0,"comment_status":"closed","ping_status":"closed","template":"","meta":{"footnotes":""},"class_list":["post-60","page","type-page","status-publish","hentry"],"_links":{"self":[{"href":"https:\/\/magievisuelle.fr\/index.php\/wp-json\/wp\/v2\/pages\/60","targetHints":{"allow":["GET"]}}],"collection":[{"href":"https:\/\/magievisuelle.fr\/index.php\/wp-json\/wp\/v2\/pages"}],"about":[{"href":"https:\/\/magievisuelle.fr\/index.php\/wp-json\/wp\/v2\/types\/page"}],"author":[{"embeddable":true,"href":"https:\/\/magievisuelle.fr\/index.php\/wp-json\/wp\/v2\/users\/1"}],"replies":[{"embeddable":true,"href":"https:\/\/magievisuelle.fr\/index.php\/wp-json\/wp\/v2\/comments?post=60"}],"version-history":[{"count":5,"href":"https:\/\/magievisuelle.fr\/index.php\/wp-json\/wp\/v2\/pages\/60\/revisions"}],"predecessor-version":[{"id":75,"href":"https:\/\/magievisuelle.fr\/index.php\/wp-json\/wp\/v2\/pages\/60\/revisions\/75"}],"wp:attachment":[{"href":"https:\/\/magievisuelle.fr\/index.php\/wp-json\/wp\/v2\/media?parent=60"}],"curies":[{"name":"wp","href":"https:\/\/api.w.org\/{rel}","templated":true}]}}