{"id":35,"date":"2025-06-08T22:36:59","date_gmt":"2025-06-08T20:36:59","guid":{"rendered":"https:\/\/magievisuelle.fr\/?page_id=35"},"modified":"2025-07-05T22:15:23","modified_gmt":"2025-07-05T20:15:23","slug":"statistiques-des-cartes","status":"publish","type":"page","link":"https:\/\/magievisuelle.fr\/index.php\/statistiques-des-cartes\/","title":{"rendered":"Statistiques des cartes"},"content":{"rendered":"\n<p><strong>Les cartes \u00e0 jouer : un jeu mill\u00e9naire entre hasard et strat\u00e9gie<\/strong><\/p>\n\n\n\n<p>Les cartes \u00e0 jouer sont n\u00e9es en Chine au IXe si\u00e8cle, \u00e0 l\u2019\u00e9poque de la dynastie Tang. D\u2019abord objets de divertissement ou de paris, elles se sont diffus\u00e9es \u00e0 travers l\u2019Inde, puis le monde arabe, avant d\u2019atteindre l\u2019Europe au XIVe si\u00e8cle. En France, les premi\u00e8res traces remontent \u00e0 1377. Rapidement, les cartes prennent une structure \u00e0 52 unit\u00e9s, r\u00e9parties en quatre enseignes : c\u0153ur, carreau, tr\u00e8fle et pique.<\/p>\n\n\n\n<p>Ce jeu de 52 cartes offre un terrain fertile \u00e0 la th\u00e9orie des probabilit\u00e9s. Il y a par exemple&nbsp;<strong>2 598 960 combinaisons<\/strong>&nbsp;possibles de mains de cinq cartes \u2014 un chiffre vertigineux qui illustre la complexit\u00e9 strat\u00e9gique du poker. La probabilit\u00e9 de tirer une quinte flush royale ? Environ&nbsp;<strong>0,00015 %<\/strong>. Plus rares qu\u2019un \u00e9clair frappant deux fois le m\u00eame endroit !<\/p>\n\n\n\n<p>Les cartes ont aussi servi aux math\u00e9maticiens : Blaise Pascal, en \u00e9changeant avec Fermat au XVIIe si\u00e8cle, a pos\u00e9 les bases du calcul des probabilit\u00e9s en \u00e9tudiant\u2026 des jeux de cartes et de d\u00e9s.<\/p>\n\n\n\n<p>Aujourd\u2019hui, les cartes ne sont pas que divertissement. Elles inspirent la magie, la cryptographie, l\u2019intelligence artificielle et la m\u00e9moire.<\/p>\n\n\n\n<p>Ainsi, entre histoire, math\u00e9matiques et illusion, les cartes \u00e0 jouer continuent de m\u00ealer l\u2019art et le hasard avec une \u00e9l\u00e9gance intemporelle.<\/p>\n\n\n\n<p><\/p>\n\n\n\n<iframe loading=\"lazy\" src=\"https:\/\/magievisuelle.fr\/app-cartes\/Acaan.html\"\n        width=\"100%\" height=\"650\"\n        style=\"border:none; display:block; margin: 0 auto; max-width: 100%;\"><\/iframe>\n\n\n\n<p><\/p>\n","protected":false},"excerpt":{"rendered":"<p>Les cartes \u00e0 jouer : un jeu mill\u00e9naire entre hasard et strat\u00e9gie Les cartes \u00e0 jouer sont n\u00e9es en Chine au IXe si\u00e8cle, \u00e0 l\u2019\u00e9poque de la dynastie Tang. D\u2019abord objets de divertissement ou de paris, elles se sont diffus\u00e9es \u00e0 travers l\u2019Inde, puis le monde arabe, avant d\u2019atteindre l\u2019Europe au XIVe si\u00e8cle. En France, [&hellip;]<\/p>\n","protected":false},"author":1,"featured_media":0,"parent":0,"menu_order":0,"comment_status":"closed","ping_status":"closed","template":"","meta":{"footnotes":""},"class_list":["post-35","page","type-page","status-publish","hentry"],"_links":{"self":[{"href":"https:\/\/magievisuelle.fr\/index.php\/wp-json\/wp\/v2\/pages\/35","targetHints":{"allow":["GET"]}}],"collection":[{"href":"https:\/\/magievisuelle.fr\/index.php\/wp-json\/wp\/v2\/pages"}],"about":[{"href":"https:\/\/magievisuelle.fr\/index.php\/wp-json\/wp\/v2\/types\/page"}],"author":[{"embeddable":true,"href":"https:\/\/magievisuelle.fr\/index.php\/wp-json\/wp\/v2\/users\/1"}],"replies":[{"embeddable":true,"href":"https:\/\/magievisuelle.fr\/index.php\/wp-json\/wp\/v2\/comments?post=35"}],"version-history":[{"count":9,"href":"https:\/\/magievisuelle.fr\/index.php\/wp-json\/wp\/v2\/pages\/35\/revisions"}],"predecessor-version":[{"id":108,"href":"https:\/\/magievisuelle.fr\/index.php\/wp-json\/wp\/v2\/pages\/35\/revisions\/108"}],"wp:attachment":[{"href":"https:\/\/magievisuelle.fr\/index.php\/wp-json\/wp\/v2\/media?parent=35"}],"curies":[{"name":"wp","href":"https:\/\/api.w.org\/{rel}","templated":true}]}}